{"id":2,"date":"2024-07-31T10:54:18","date_gmt":"2024-07-31T08:54:18","guid":{"rendered":"http:\/\/quaesia.com\/?page_id=2"},"modified":"2025-07-02T15:27:03","modified_gmt":"2025-07-02T13:27:03","slug":"quaesia","status":"publish","type":"page","link":"https:\/\/be.quaesia.com\/","title":{"rendered":"Quaesia"},"content":{"rendered":"<p>[et_pb_section fb_built=\u00a0\u00bb1&Prime; module_id=\u00a0\u00bbapropos\u00a0\u00bb _builder_version=\u00a0\u00bb4.27.4&Prime; global_colors_info=\u00a0\u00bb{}\u00a0\u00bb][et_pb_row _builder_version=\u00a0\u00bb4.27.4&Prime; _module_preset=\u00a0\u00bbdefault\u00a0\u00bb hover_enabled=\u00a0\u00bb0&Prime; global_colors_info=\u00a0\u00bb{}\u00a0\u00bb custom_margin=\u00a0\u00bb||0px||false|false\u00a0\u00bb custom_padding=\u00a0\u00bb||0px||false|false\u00a0\u00bb sticky_enabled=\u00a0\u00bb0&Prime;][et_pb_column type=\u00a0\u00bb4_4&Prime; _builder_version=\u00a0\u00bb4.27.4&Prime; _module_preset=\u00a0\u00bbdefault\u00a0\u00bb global_colors_info=\u00a0\u00bb{}\u00a0\u00bb][et_pb_text _builder_version=\u00a0\u00bb4.27.4&Prime; _module_preset=\u00a0\u00bbdefault\u00a0\u00bb hover_enabled=\u00a0\u00bb0&Prime; global_colors_info=\u00a0\u00bb{}\u00a0\u00bb sticky_enabled=\u00a0\u00bb0&Prime;]<\/p>\n<h2 style=\"text-align: justify;\">Le bureau d\u2019\u00e9tudes Quaesia<\/h2>\n<p>[\/et_pb_text][\/et_pb_column][\/et_pb_row][et_pb_row column_structure=\u00a0\u00bb1_2,1_2&Prime; _builder_version=\u00a0\u00bb4.27.4&Prime; _module_preset=\u00a0\u00bbdefault\u00a0\u00bb global_colors_info=\u00a0\u00bb{}\u00a0\u00bb][et_pb_column type=\u00a0\u00bb1_2&Prime; _builder_version=\u00a0\u00bb4.27.4&Prime; _module_preset=\u00a0\u00bbdefault\u00a0\u00bb global_colors_info=\u00a0\u00bb{}\u00a0\u00bb][et_pb_text _builder_version=\u00a0\u00bb4.27.4&Prime; _module_preset=\u00a0\u00bbdefault\u00a0\u00bb hover_enabled=\u00a0\u00bb0&Prime; global_colors_info=\u00a0\u00bb{}\u00a0\u00bb sticky_enabled=\u00a0\u00bb0&Prime;]<\/p>\n<p style=\"text-align: justify;\">Je suis sp\u00e9cialis\u00e9 en strat\u00e9gie d\u2019innovation et la conception de prototype fonctionnel utilisant la Data Science et l\u2019Intelligence Artificielle.<br \/>Apr\u00e8s plus de 15 ans d\u2019exp\u00e9riences en R&amp;D dans diff\u00e9rentes structures publiques et priv\u00e9es, j\u2019ai cr\u00e9\u00e9 le bureau d\u2019\u00e9tude Quaesia pour mettre pleinement mes comp\u00e9tences \u00e0 votre service.<br \/>Je vous accompagnerai de la phase d\u2019id\u00e9e \u00e0 la r\u00e9alisation d\u2019un prototype (TRL6) ainsi qu\u2019au transfert des technologies d\u00e9velopp\u00e9es et \u00e0 la formation de vos \u00e9quipes.<\/p>\n<p>[\/et_pb_text][\/et_pb_column][et_pb_column type=\u00a0\u00bb1_2&Prime; _builder_version=\u00a0\u00bb4.27.4&Prime; _module_preset=\u00a0\u00bbdefault\u00a0\u00bb hover_enabled=\u00a0\u00bb0&Prime; global_colors_info=\u00a0\u00bb{}\u00a0\u00bb sticky_enabled=\u00a0\u00bb0&Prime;][et_pb_text _builder_version=\u00a0\u00bb4.27.4&Prime; _module_preset=\u00a0\u00bbdefault\u00a0\u00bb background_color=\u00a0\u00bbRGBA(255,255,255,0)\u00a0\u00bb custom_padding=\u00a0\u00bb||0px|||\u00a0\u00bb hover_enabled=\u00a0\u00bb0&Prime; global_colors_info=\u00a0\u00bb{}\u00a0\u00bb sticky_enabled=\u00a0\u00bb0&Prime;]<\/p>\n<h4>Facturation \u00e9ligible au <strong>cr\u00e9dit d\u2019imp\u00f4t recherche (CIR)<\/strong><\/h4>\n<p>Le bureau d\u2019\u00e9tudes Quaesia est accr\u00e9dit\u00e9 par le Minist\u00e8re de l\u2019Enseignement sup\u00e9rieur et de la Recherche \u00e0 effectuer des travaux de R&amp;D pour le compte d\u2019entreprises en qualit\u00e9 de sous-traitant<\/p>\n<p data-syno-attrs=\"{&quot;textMarks&quot;:[{&quot;_&quot;:&quot;background_color&quot;,&quot;value&quot;:&quot;transparent&quot;},{&quot;_&quot;:&quot;font_size&quot;,&quot;value&quot;:&quot;11pt&quot;},{&quot;_&quot;:&quot;color&quot;,&quot;value&quot;:&quot;#000000&quot;},{&quot;_&quot;:&quot;font_family&quot;,&quot;value&quot;:&quot;Calibri&quot;}]}\" pm-open-left=\"1\" style=\"text-align: justify;\">\u00a0Bouton \u00ab\u00a0Me contacter\u00a0\u00bb<\/p>\n<p>[\/et_pb_text][\/et_pb_column][\/et_pb_row][et_pb_row column_structure=\u00a0\u00bb1_3,1_3,1_3&Prime; _builder_version=\u00a0\u00bb4.27.4&Prime; _module_preset=\u00a0\u00bbdefault\u00a0\u00bb global_colors_info=\u00a0\u00bb{}\u00a0\u00bb][et_pb_column type=\u00a0\u00bb1_3&Prime; _builder_version=\u00a0\u00bb4.27.4&Prime; _module_preset=\u00a0\u00bbdefault\u00a0\u00bb global_colors_info=\u00a0\u00bb{}\u00a0\u00bb][et_pb_icon font_icon=\u00a0\u00bb&#xe007;||divi||400&Prime; _builder_version=\u00a0\u00bb4.27.4&Prime; _module_preset=\u00a0\u00bbdefault\u00a0\u00bb global_colors_info=\u00a0\u00bb{}\u00a0\u00bb][\/et_pb_icon][et_pb_text _builder_version=\u00a0\u00bb4.27.4&Prime; _module_preset=\u00a0\u00bbdefault\u00a0\u00bb global_colors_info=\u00a0\u00bb{}\u00a0\u00bb]<\/p>\n<h4 style=\"text-align: center;\">Conseil en strat\u00e9gie d&rsquo;innovation<\/h4>\n<p>[\/et_pb_text][\/et_pb_column][et_pb_column type=\u00a0\u00bb1_3&Prime; _builder_version=\u00a0\u00bb4.27.4&Prime; _module_preset=\u00a0\u00bbdefault\u00a0\u00bb global_colors_info=\u00a0\u00bb{}\u00a0\u00bb][et_pb_icon font_icon=\u00a0\u00bb&#xe014;||divi||400&Prime; _builder_version=\u00a0\u00bb4.27.4&Prime; _module_preset=\u00a0\u00bbdefault\u00a0\u00bb global_colors_info=\u00a0\u00bb{}\u00a0\u00bb][\/et_pb_icon][et_pb_text _builder_version=\u00a0\u00bb4.27.4&Prime; _module_preset=\u00a0\u00bbdefault\u00a0\u00bb global_colors_info=\u00a0\u00bb{}\u00a0\u00bb]<\/p>\n<h4 style=\"text-align: center;\">Conception de prototype fonctionnel<\/h4>\n<p>[\/et_pb_text][\/et_pb_column][et_pb_column type=\u00a0\u00bb1_3&Prime; _builder_version=\u00a0\u00bb4.27.4&Prime; _module_preset=\u00a0\u00bbdefault\u00a0\u00bb global_colors_info=\u00a0\u00bb{}\u00a0\u00bb][et_pb_icon font_icon=\u00a0\u00bb&#xe0e9;||divi||400&Prime; _builder_version=\u00a0\u00bb4.27.4&Prime; _module_preset=\u00a0\u00bbdefault\u00a0\u00bb global_colors_info=\u00a0\u00bb{}\u00a0\u00bb][\/et_pb_icon][et_pb_text _builder_version=\u00a0\u00bb4.27.4&Prime; _module_preset=\u00a0\u00bbdefault\u00a0\u00bb global_colors_info=\u00a0\u00bb{}\u00a0\u00bb]<\/p>\n<h4 style=\"text-align: center;\">Formation et accompagnement d\u2019\u00e9quipe<\/h4>\n<p>[\/et_pb_text][\/et_pb_column][\/et_pb_row][et_pb_row _builder_version=\u00a0\u00bb4.27.4&Prime; _module_preset=\u00a0\u00bbdefault\u00a0\u00bb global_colors_info=\u00a0\u00bb{}\u00a0\u00bb][et_pb_column type=\u00a0\u00bb4_4&Prime; _builder_version=\u00a0\u00bb4.27.4&Prime; _module_preset=\u00a0\u00bbdefault\u00a0\u00bb global_colors_info=\u00a0\u00bb{}\u00a0\u00bb][et_pb_text _builder_version=\u00a0\u00bb4.27.4&Prime; _module_preset=\u00a0\u00bbdefault\u00a0\u00bb background_color=\u00a0\u00bbRGBA(255,255,255,0)\u00a0\u00bb hover_enabled=\u00a0\u00bb0&Prime; global_colors_info=\u00a0\u00bb{}\u00a0\u00bb sticky_enabled=\u00a0\u00bb0&Prime;]<\/p>\n<h3>Pourquoi int\u00e9grer la Data Science et l\u2019IA dans votre projet\u00a0?<\/h3>\n<ul>\n<li>Exploiter de grands volumes et int\u00e9grer une vari\u00e9t\u00e9 de donn\u00e9es<\/li>\n<li>Faciliter la collecte de donn\u00e9es<\/li>\n<li>Automatiser et augmenter la vitesse de traitement et l\u2019analyse<\/li>\n<li>Obtenir des pr\u00e9dictions, d\u00e9couvrir des anomalies<\/li>\n<li>R\u00e9duire le risque d\u2019erreurs<\/li>\n<li>Am\u00e9liorer et rationaliser\u00a0la prise de d\u00e9cisions<\/li>\n<\/ul>\n<p>[\/et_pb_text][\/et_pb_column][\/et_pb_row][et_pb_row _builder_version=\u00a0\u00bb4.27.4&Prime; _module_preset=\u00a0\u00bbdefault\u00a0\u00bb global_colors_info=\u00a0\u00bb{}\u00a0\u00bb][et_pb_column type=\u00a0\u00bb4_4&Prime; _builder_version=\u00a0\u00bb4.27.4&Prime; _module_preset=\u00a0\u00bbdefault\u00a0\u00bb global_colors_info=\u00a0\u00bb{}\u00a0\u00bb][et_pb_text _builder_version=\u00a0\u00bb4.27.4&Prime; _module_preset=\u00a0\u00bbdefault\u00a0\u00bb global_colors_info=\u00a0\u00bb{}\u00a0\u00bb]<\/p>\n<h2><strong>Mes domaines d\u2019expertise<\/strong><\/h2>\n<h3><strong>Les donn\u00e9es<\/strong><strong><\/strong><\/h3>\n<ul>\n<li>Audit et collecte de donn\u00e9es<\/li>\n<li>Traitements automatiques tels que l\u2019extraction de connaissances, l\u2019indexation ou encore l\u2019exploitation de la multimodalit\u00e9<\/li>\n<li>D\u00e9veloppement d\u2019interfaces d\u2019annotations pour la cr\u00e9ation de corpus avec pr\u00e9-annotations et v\u00e9rifications automatiques des donn\u00e9es<\/li>\n<li>Cr\u00e9ation de bases de connaissances ad hoc<\/li>\n<li>Type de donn\u00e9es : texte, ontologies, bases de donn\u00e9es, essais cliniques, image&#8230;<\/li>\n<\/ul>\n<h3><strong>Les mod\u00e8les d\u2019IA<\/strong><\/h3>\n<ul>\n<li>D\u00e9finition des objectifs, t\u00e2ches, donn\u00e9es, m\u00e9triques<\/li>\n<li>S\u00e9lection des mod\u00e8les \u00e0 l\u2019\u00e9tat de l\u2019art, d\u00e9veloppement de mod\u00e8les sp\u00e9cifiques<\/li>\n<li>Entra\u00eenements, optimisations et \u00e9valuations<\/li>\n<\/ul>\n<h3><strong>Exploitation des bases et mod\u00e8les d\u2019IA<\/strong><\/h3>\n<ul>\n<li>D\u00e9finition des sp\u00e9cifications et ing\u00e9nierie des fonctionnalit\u00e9s<\/li>\n<li>Mise en place d\u2019environnements de tests (notebook Python)<\/li>\n<li>D\u00e9veloppement de d\u00e9monstrateurs<\/li>\n<\/ul>\n<h3><strong>Suivi et suite du projet, formation et accompagnement d\u2019\u00e9quipes<\/strong><\/h3>\n<ul>\n<li>R\u00e9daction de rapports d\u2019avancement, documentations, \u00e9tats de l\u2019art et r\u00e9daction d\u2019articles scientifiques<\/li>\n<li>Mise \u00e0 jour et am\u00e9lioration des bases, scripts et mod\u00e8les d\u2019IA<\/li>\n<li>Conseils sur les besoins mat\u00e9riels et logiciels<\/li>\n<li>Accompagnement sur l\u2019exploitation du prototype, le transfert de l\u2019innovation et l\u2019autonomisation des \u00e9quipes<\/li>\n<li>Formations en data science et IA<\/li>\n<\/ul>\n<p>[\/et_pb_text][\/et_pb_column][\/et_pb_row][et_pb_row _builder_version=\u00a0\u00bb4.27.4&Prime; _module_preset=\u00a0\u00bbdefault\u00a0\u00bb global_colors_info=\u00a0\u00bb{}\u00a0\u00bb][et_pb_column type=\u00a0\u00bb4_4&Prime; _builder_version=\u00a0\u00bb4.27.4&Prime; _module_preset=\u00a0\u00bbdefault\u00a0\u00bb global_colors_info=\u00a0\u00bb{}\u00a0\u00bb][et_pb_text _builder_version=\u00a0\u00bb4.27.4&Prime; _module_preset=\u00a0\u00bbdefault\u00a0\u00bb background_color=\u00a0\u00bbRGBA(255,255,255,0)\u00a0\u00bb hover_enabled=\u00a0\u00bb0&Prime; global_colors_info=\u00a0\u00bb{}\u00a0\u00bb sticky_enabled=\u00a0\u00bb0&Prime;]<\/p>\n<h4>Serveur de calcul\u00a0: 3 solutions<\/h4>\n<ul>\n<li>Vous disposez et souhaitez utiliser le v\u00f4tre<\/li>\n<li>Je dispose d\u2019un serveur de calcul auto-h\u00e9berg\u00e9 de puissance moyenne<\/li>\n<li>Je vous accompagne pour la location d&rsquo;un serveur cloud<\/li>\n<\/ul>\n<p>[\/et_pb_text][\/et_pb_column][\/et_pb_row][\/et_pb_section][et_pb_section fb_built=\u00a0\u00bb1&Prime; module_id=\u00a0\u00bbprojets\u00a0\u00bb _builder_version=\u00a0\u00bb4.27.4&Prime; _module_preset=\u00a0\u00bbdefault\u00a0\u00bb global_colors_info=\u00a0\u00bb{}\u00a0\u00bb][et_pb_row _builder_version=\u00a0\u00bb4.27.4&Prime; _module_preset=\u00a0\u00bbdefault\u00a0\u00bb global_colors_info=\u00a0\u00bb{}\u00a0\u00bb][et_pb_column type=\u00a0\u00bb4_4&Prime; _builder_version=\u00a0\u00bb4.27.4&Prime; _module_preset=\u00a0\u00bbdefault\u00a0\u00bb global_colors_info=\u00a0\u00bb{}\u00a0\u00bb][et_pb_text _builder_version=\u00a0\u00bb4.27.4&Prime; _module_preset=\u00a0\u00bbdefault\u00a0\u00bb global_colors_info=\u00a0\u00bb{}\u00a0\u00bb]<\/p>\n<h2><strong>Exemples de projets r\u00e9alis\u00e9s<\/strong><\/h2>\n<p>Une partie de ces travaux ont \u00e9t\u00e9 publi\u00e9s dans des articles scientifiques. Vous pourrez les retrouver sur mon profil <a href=\"https:\/\/scholar.google.com\/citations?user=Ys3lMJkAAAAJ\">google-scholar<\/a>.<\/p>\n<ul>\n<li>D\u00e9veloppement d&rsquo;un moteur de recherche avanc\u00e9 utilisant l\u2019IA pour l\u2019acc\u00e8s \u00e0 l\u2019information biom\u00e9dicale disponible sur PubMed<\/li>\n<li>Analyse automatique de textes biom\u00e9dicaux \u00e0 l&rsquo;aide de l&rsquo;IA : identification des entit\u00e9s nomm\u00e9es, extraction des relations, classification de textes<\/li>\n<li>Cr\u00e9ation d\u2019une base de connaissances biom\u00e9dicales : sourcing de bases publiques et ontologies, cr\u00e9ation d\u2019une librairie d\u2019exploitation, cr\u00e9ation d\u2019une interface Web d\u2019interrogation<\/li>\n<li>Utilisation de m\u00e9thodes de Deep Learning sur graphe pour pr\u00e9dire des relations entre entit\u00e9s biom\u00e9dicales : utilisation de techniques de GCN pour projeter les entit\u00e9s dans un espace d\u2019embeddings<\/li>\n<li>Identification d\u2019\u0153uvres dans un mus\u00e9e : cr\u00e9ation d\u2019interface sur mobile pour constituer le corpus, utilisation de Transfert Learning sur un corpus de faible dimension<\/li>\n<li>Identification de gestes captur\u00e9s \u00e0 la premi\u00e8re personne : cr\u00e9ation d\u2019un corpus ad hoc, utilisation de Transfert Learning sur des mod\u00e8les pr\u00e9-entrain\u00e9s pour l\u2019identification<\/li>\n<li>Cr\u00e9ation du Framework d\u2019annotation CAMOMILLE : conceptualisation de la notion d\u2019annotation, cr\u00e9ation du back-end et de plusieurs front-end pour tester le Framework en conditions r\u00e9elles<\/li>\n<li>Identification de personnes dans des \u00e9missions de t\u00e9l\u00e9vision : cr\u00e9ation d\u2019un OCR vid\u00e9o, fusion multimodale texte\/image\/son<\/li>\n<li>D\u00e9veloppement d\u2019une m\u00e9thode d\u2019identification de zones potentiellement canc\u00e9reuses sur des IRM dynamiques de la prostate<\/li>\n<\/ul>\n<p>[\/et_pb_text][\/et_pb_column][\/et_pb_row][\/et_pb_section][et_pb_section fb_built=\u00a0\u00bb1&Prime; module_id=\u00a0\u00bbquisuisje\u00a0\u00bb _builder_version=\u00a0\u00bb4.27.4&Prime; _module_preset=\u00a0\u00bbdefault\u00a0\u00bb global_colors_info=\u00a0\u00bb{}\u00a0\u00bb][et_pb_row column_structure=\u00a0\u00bb3_5,2_5&Prime; _builder_version=\u00a0\u00bb4.27.4&Prime; _module_preset=\u00a0\u00bbdefault\u00a0\u00bb global_colors_info=\u00a0\u00bb{}\u00a0\u00bb][et_pb_column type=\u00a0\u00bb3_5&Prime; _builder_version=\u00a0\u00bb4.27.4&Prime; _module_preset=\u00a0\u00bbdefault\u00a0\u00bb global_colors_info=\u00a0\u00bb{}\u00a0\u00bb][et_pb_text _builder_version=\u00a0\u00bb4.27.4&Prime; _module_preset=\u00a0\u00bbdefault\u00a0\u00bb global_colors_info=\u00a0\u00bb{}\u00a0\u00bb]<\/p>\n<h2><strong>Johann Poignant<\/strong><\/h2>\n<p>Docteur en informatique sp\u00e9cialis\u00e9 en Data Science et Intelligence Artificielle sur des donn\u00e9es multimodales, j\u2019ai 15 ans d\u2019exp\u00e9rience en recherche dans des \u00e9tablissements publics et priv\u00e9s\u00a0:<\/p>\n<ul>\n<li>Universit\u00e9 de Grenoble (UJF, UPMF et UGA) ; CNRS (Grenoble et Paris) ; CEA<\/li>\n<li>Laboratoires de recherches\u00a0: TIMC-GMCAO, LIG-MRIM, LIG-Getalp, LIMSI, IAB, CEA-Edyp<\/li>\n<li>Start-ups et entreprise de transfert de technologie (Hydrao, Floralis, Reckonect) dont une o\u00f9 j\u2019ai particip\u00e9 \u00e0 la maturation et l\u2019incubation en SATT pour laquelle j\u2019ai d\u00e9velopp\u00e9 l\u2019ensemble de la technologie<\/li>\n<\/ul>\n<p>Au cours de ces ann\u00e9es, j\u2019ai coordonn\u00e9 des programmes de R&amp;D, encadr\u00e9 des \u00e9quipes, d\u00e9velopp\u00e9 des partenariats avec des laboratoires de recherche publics et des entreprises priv\u00e9s ; d\u00e9pos\u00e9 1 brevet et publi\u00e9 32 articles scientifiques dans des journaux et conf\u00e9rences avec actes ; \u00e9t\u00e9 relecteur et \u00e9diteur d&rsquo;articles scientifiques ; fait de nombreuses pr\u00e9sentations dans des workshops et s\u00e9minaires invit\u00e9s et j\u2019ai par ailleurs effectu\u00e9 plus de 2700 heures d\u2019enseignement en informatique et techniques industrielles<\/p>\n<p>[\/et_pb_text][\/et_pb_column][et_pb_column type=\u00a0\u00bb2_5&Prime; _builder_version=\u00a0\u00bb4.27.4&Prime; _module_preset=\u00a0\u00bbdefault\u00a0\u00bb global_colors_info=\u00a0\u00bb{}\u00a0\u00bb][et_pb_image src=\u00a0\u00bbhttps:\/\/be.quaesia.com\/wp-content\/uploads\/2025\/01\/moi.jpg\u00a0\u00bb title_text=\u00a0\u00bbmoi\u00a0\u00bb align=\u00a0\u00bbcenter\u00a0\u00bb _builder_version=\u00a0\u00bb4.27.4&Prime; _module_preset=\u00a0\u00bbdefault\u00a0\u00bb module_alignment=\u00a0\u00bbcenter\u00a0\u00bb border_radii=\u00a0\u00bbon|500px|500px|500px|500px\u00a0\u00bb global_colors_info=\u00a0\u00bb{}\u00a0\u00bb][\/et_pb_image][\/et_pb_column][\/et_pb_row][\/et_pb_section]<\/p>\n","protected":false},"excerpt":{"rendered":"<p>Le bureau d\u2019\u00e9tudes QuaesiaJe suis sp\u00e9cialis\u00e9 en strat\u00e9gie d\u2019innovation et la conception de prototype fonctionnel utilisant la Data Science et l\u2019Intelligence Artificielle.Apr\u00e8s plus de 15 ans d\u2019exp\u00e9riences en R&amp;D dans diff\u00e9rentes structures publiques et priv\u00e9es, j\u2019ai cr\u00e9\u00e9 le bureau d\u2019\u00e9tude Quaesia pour mettre pleinement mes comp\u00e9tences \u00e0 votre service.Je vous accompagnerai de la phase d\u2019id\u00e9e [&hellip;]<\/p>\n","protected":false},"author":1,"featured_media":0,"parent":0,"menu_order":0,"comment_status":"closed","ping_status":"closed","template":"","meta":{"_et_pb_use_builder":"on","_et_pb_old_content":"<!-- wp:paragraph -->\n<p>Ceci est une page d\u2019exemple. C\u2019est diff\u00e9rent d\u2019un article de blog parce qu\u2019elle restera au m\u00eame endroit et appara\u00eetra dans la navigation de votre site (dans la plupart des th\u00e8mes). La plupart des gens commencent par une page \u00ab\u00a0\u00c0 propos\u00a0\u00bb qui les pr\u00e9sente aux personnes visitant le site. Cela pourrait ressembler \u00e0 quelque chose comme cela\u00a0:<\/p>\n<!-- \/wp:paragraph -->\n\n<!-- wp:quote -->\n<blockquote class=\"wp-block-quote\"><p>Bonjour\u00a0! Je suis un m\u00e9canicien qui aspire \u00e0 devenir acteur, et voici mon site. J\u2019habite \u00e0 Bordeaux, j\u2019ai un super chien baptis\u00e9 Russell, et j\u2019aime la vodka (ainsi qu\u2019\u00eatre surpris par la pluie soudaine lors de longues balades sur la plage au coucher du soleil).<\/p><\/blockquote>\n<!-- \/wp:quote -->\n\n<!-- wp:paragraph -->\n<p>\u2026ou quelque chose comme cela\u00a0:<\/p>\n<!-- \/wp:paragraph -->\n\n<!-- wp:quote -->\n<blockquote class=\"wp-block-quote\"><p>La soci\u00e9t\u00e9 123 Machin Truc a \u00e9t\u00e9 cr\u00e9\u00e9e en 1971, et n\u2019a cess\u00e9 de proposer au public des machins-trucs de qualit\u00e9 depuis lors. Situ\u00e9e \u00e0 Saint-Remy-en-Bouzemont-Saint-Genest-et-Isson, 123 Machin Truc emploie 2 000 personnes, et fabrique toutes sortes de bidules supers pour la communaut\u00e9 bouzemontoise.<\/p><\/blockquote>\n<!-- \/wp:quote -->\n\n<!-- wp:paragraph -->\n<p>En tant que nouvel utilisateur ou utilisatrice de WordPress, vous devriez vous rendre sur <a href=\"http:\/\/quaesia.com\/wp-admin\/\">votre tableau de bord<\/a> pour supprimer cette page et cr\u00e9er de nouvelles pages pour votre contenu. Amusez-vous bien\u00a0!<\/p>\n<!-- \/wp:paragraph -->","_et_gb_content_width":"","footnotes":""},"class_list":["post-2","page","type-page","status-publish","hentry"],"yoast_head":"<!-- This site is optimized with the Yoast SEO plugin v24.3 - https:\/\/yoast.com\/wordpress\/plugins\/seo\/ -->\n<title>Quaesia - Quaesia<\/title>\n<meta name=\"description\" content=\"Bureau d\u2019\u00e9tude sp\u00e9cialis\u00e9 en Data Science et Intelligence Artificielle appliqu\u00e9 \u00e0 des donn\u00e9es biom\u00e9dicales\" \/>\n<meta name=\"robots\" content=\"index, follow, max-snippet:-1, max-image-preview:large, max-video-preview:-1\" \/>\n<link rel=\"canonical\" href=\"https:\/\/be.quaesia.com\/\" \/>\n<meta property=\"og:locale\" content=\"fr_FR\" \/>\n<meta property=\"og:type\" content=\"article\" \/>\n<meta property=\"og:title\" content=\"Quaesia - Quaesia\" \/>\n<meta property=\"og:description\" content=\"Bureau d\u2019\u00e9tude sp\u00e9cialis\u00e9 en Data Science et Intelligence Artificielle appliqu\u00e9 \u00e0 des donn\u00e9es biom\u00e9dicales\" \/>\n<meta property=\"og:url\" content=\"https:\/\/be.quaesia.com\/\" \/>\n<meta property=\"og:site_name\" content=\"Quaesia\" \/>\n<meta property=\"article:modified_time\" content=\"2025-07-02T13:27:03+00:00\" \/>\n<meta name=\"twitter:card\" content=\"summary_large_image\" \/>\n<meta name=\"twitter:label1\" content=\"Dur\u00e9e de lecture estim\u00e9e\" \/>\n\t<meta name=\"twitter:data1\" content=\"1 minute\" \/>\n<script type=\"application\/ld+json\" class=\"yoast-schema-graph\">{\"@context\":\"https:\/\/schema.org\",\"@graph\":[{\"@type\":\"WebPage\",\"@id\":\"https:\/\/be.quaesia.com\/\",\"url\":\"https:\/\/be.quaesia.com\/\",\"name\":\"Quaesia - Quaesia\",\"isPartOf\":{\"@id\":\"https:\/\/be.quaesia.com\/#website\"},\"datePublished\":\"2024-07-31T08:54:18+00:00\",\"dateModified\":\"2025-07-02T13:27:03+00:00\",\"description\":\"Bureau d\u2019\u00e9tude sp\u00e9cialis\u00e9 en Data Science et Intelligence Artificielle appliqu\u00e9 \u00e0 des donn\u00e9es biom\u00e9dicales\",\"breadcrumb\":{\"@id\":\"https:\/\/be.quaesia.com\/#breadcrumb\"},\"inLanguage\":\"fr-FR\",\"potentialAction\":[{\"@type\":\"ReadAction\",\"target\":[\"https:\/\/be.quaesia.com\/\"]}]},{\"@type\":\"BreadcrumbList\",\"@id\":\"https:\/\/be.quaesia.com\/#breadcrumb\",\"itemListElement\":[{\"@type\":\"ListItem\",\"position\":1,\"name\":\"Accueil\",\"item\":\"https:\/\/be.quaesia.com\/\"},{\"@type\":\"ListItem\",\"position\":2,\"name\":\"Quaesia\"}]},{\"@type\":\"WebSite\",\"@id\":\"https:\/\/be.quaesia.com\/#website\",\"url\":\"https:\/\/be.quaesia.com\/\",\"name\":\"Quaesia\",\"description\":\"Quaero per intelligentia artificialis\",\"potentialAction\":[{\"@type\":\"SearchAction\",\"target\":{\"@type\":\"EntryPoint\",\"urlTemplate\":\"https:\/\/be.quaesia.com\/?s={search_term_string}\"},\"query-input\":{\"@type\":\"PropertyValueSpecification\",\"valueRequired\":true,\"valueName\":\"search_term_string\"}}],\"inLanguage\":\"fr-FR\"}]}<\/script>\n<!-- \/ Yoast SEO plugin. -->","yoast_head_json":{"title":"Quaesia - Quaesia","description":"Bureau d\u2019\u00e9tude sp\u00e9cialis\u00e9 en Data Science et Intelligence Artificielle appliqu\u00e9 \u00e0 des donn\u00e9es biom\u00e9dicales","robots":{"index":"index","follow":"follow","max-snippet":"max-snippet:-1","max-image-preview":"max-image-preview:large","max-video-preview":"max-video-preview:-1"},"canonical":"https:\/\/be.quaesia.com\/","og_locale":"fr_FR","og_type":"article","og_title":"Quaesia - Quaesia","og_description":"Bureau d\u2019\u00e9tude sp\u00e9cialis\u00e9 en Data Science et Intelligence Artificielle appliqu\u00e9 \u00e0 des donn\u00e9es biom\u00e9dicales","og_url":"https:\/\/be.quaesia.com\/","og_site_name":"Quaesia","article_modified_time":"2025-07-02T13:27:03+00:00","twitter_card":"summary_large_image","twitter_misc":{"Dur\u00e9e de lecture estim\u00e9e":"1 minute"},"schema":{"@context":"https:\/\/schema.org","@graph":[{"@type":"WebPage","@id":"https:\/\/be.quaesia.com\/","url":"https:\/\/be.quaesia.com\/","name":"Quaesia - Quaesia","isPartOf":{"@id":"https:\/\/be.quaesia.com\/#website"},"datePublished":"2024-07-31T08:54:18+00:00","dateModified":"2025-07-02T13:27:03+00:00","description":"Bureau d\u2019\u00e9tude sp\u00e9cialis\u00e9 en Data Science et Intelligence Artificielle appliqu\u00e9 \u00e0 des donn\u00e9es biom\u00e9dicales","breadcrumb":{"@id":"https:\/\/be.quaesia.com\/#breadcrumb"},"inLanguage":"fr-FR","potentialAction":[{"@type":"ReadAction","target":["https:\/\/be.quaesia.com\/"]}]},{"@type":"BreadcrumbList","@id":"https:\/\/be.quaesia.com\/#breadcrumb","itemListElement":[{"@type":"ListItem","position":1,"name":"Accueil","item":"https:\/\/be.quaesia.com\/"},{"@type":"ListItem","position":2,"name":"Quaesia"}]},{"@type":"WebSite","@id":"https:\/\/be.quaesia.com\/#website","url":"https:\/\/be.quaesia.com\/","name":"Quaesia","description":"Quaero per intelligentia artificialis","potentialAction":[{"@type":"SearchAction","target":{"@type":"EntryPoint","urlTemplate":"https:\/\/be.quaesia.com\/?s={search_term_string}"},"query-input":{"@type":"PropertyValueSpecification","valueRequired":true,"valueName":"search_term_string"}}],"inLanguage":"fr-FR"}]}},"_links":{"self":[{"href":"https:\/\/be.quaesia.com\/index.php\/wp-json\/wp\/v2\/pages\/2","targetHints":{"allow":["GET"]}}],"collection":[{"href":"https:\/\/be.quaesia.com\/index.php\/wp-json\/wp\/v2\/pages"}],"about":[{"href":"https:\/\/be.quaesia.com\/index.php\/wp-json\/wp\/v2\/types\/page"}],"author":[{"embeddable":true,"href":"https:\/\/be.quaesia.com\/index.php\/wp-json\/wp\/v2\/users\/1"}],"replies":[{"embeddable":true,"href":"https:\/\/be.quaesia.com\/index.php\/wp-json\/wp\/v2\/comments?post=2"}],"version-history":[{"count":35,"href":"https:\/\/be.quaesia.com\/index.php\/wp-json\/wp\/v2\/pages\/2\/revisions"}],"predecessor-version":[{"id":146,"href":"https:\/\/be.quaesia.com\/index.php\/wp-json\/wp\/v2\/pages\/2\/revisions\/146"}],"wp:attachment":[{"href":"https:\/\/be.quaesia.com\/index.php\/wp-json\/wp\/v2\/media?parent=2"}],"curies":[{"name":"wp","href":"https:\/\/api.w.org\/{rel}","templated":true}]}}